{"id":1853,"date":"2025-04-10T11:25:20","date_gmt":"2025-04-10T09:25:20","guid":{"rendered":"https:\/\/wordpress.p679375.webspaceconfig.de\/?page_id=1853"},"modified":"2025-04-10T11:33:54","modified_gmt":"2025-04-10T09:33:54","slug":"schiedsverfahren","status":"publish","type":"page","link":"https:\/\/www.aitec-gruppe.de\/index.php\/schiedsverfahren\/","title":{"rendered":"Schiedsverfahren"},"content":{"rendered":"[vc_row type=&#8220;in_container&#8220; full_screen_row_position=&#8220;middle&#8220; column_margin=&#8220;default&#8220; column_direction=&#8220;default&#8220; column_direction_tablet=&#8220;default&#8220; column_direction_phone=&#8220;default&#8220; scene_position=&#8220;center&#8220; text_color=&#8220;dark&#8220; text_align=&#8220;left&#8220; row_border_radius=&#8220;none&#8220; row_border_radius_applies=&#8220;bg&#8220; overflow=&#8220;visible&#8220; overlay_strength=&#8220;0.3&#8243; gradient_direction=&#8220;left_to_right&#8220; shape_divider_position=&#8220;bottom&#8220; bg_image_animation=&#8220;none&#8220;][vc_column column_padding=&#8220;no-extra-padding&#8220; column_padding_tablet=&#8220;inherit&#8220; column_padding_phone=&#8220;inherit&#8220; column_padding_position=&#8220;all&#8220; column_element_direction_desktop=&#8220;default&#8220; column_element_spacing=&#8220;default&#8220; desktop_text_alignment=&#8220;default&#8220; tablet_text_alignment=&#8220;default&#8220; phone_text_alignment=&#8220;default&#8220; background_color_opacity=&#8220;1&#8243; background_hover_color_opacity=&#8220;1&#8243; column_backdrop_filter=&#8220;none&#8220; column_shadow=&#8220;none&#8220; column_border_radius=&#8220;none&#8220; column_link_target=&#8220;_self&#8220; column_position=&#8220;default&#8220; gradient_direction=&#8220;left_to_right&#8220; overlay_strength=&#8220;0.3&#8243; width=&#8220;1\/6&#8243; tablet_width_inherit=&#8220;default&#8220; animation_type=&#8220;default&#8220; bg_image_animation=&#8220;none&#8220; border_type=&#8220;simple&#8220; column_border_width=&#8220;none&#8220; column_border_style=&#8220;solid&#8220;][\/vc_column][vc_column column_padding=&#8220;padding-10-percent&#8220; column_padding_tablet=&#8220;inherit&#8220; column_padding_phone=&#8220;inherit&#8220; column_padding_position=&#8220;top-bottom&#8220; column_element_direction_desktop=&#8220;default&#8220; column_element_spacing=&#8220;default&#8220; desktop_text_alignment=&#8220;default&#8220; tablet_text_alignment=&#8220;default&#8220; phone_text_alignment=&#8220;default&#8220; background_color_opacity=&#8220;1&#8243; background_hover_color_opacity=&#8220;1&#8243; column_backdrop_filter=&#8220;none&#8220; column_shadow=&#8220;none&#8220; column_border_radius=&#8220;none&#8220; column_link_target=&#8220;_self&#8220; column_position=&#8220;default&#8220; gradient_direction=&#8220;left_to_right&#8220; overlay_strength=&#8220;0.3&#8243; width=&#8220;2\/3&#8243; tablet_width_inherit=&#8220;default&#8220; animation_type=&#8220;default&#8220; bg_image_animation=&#8220;none&#8220; border_type=&#8220;simple&#8220; column_border_width=&#8220;none&#8220; column_border_style=&#8220;solid&#8220; column_padding_type=&#8220;default&#8220; gradient_type=&#8220;default&#8220;][vc_column_text]\r\n<div class=\"page-header\">\r\n<h1 class=\"wp-block-heading\">Schiedsverfahren<\/h1>\r\n<\/div>\r\n<p>Die Europ\u00e4ische Kommission stellt eine Plattform zur Online-Streitbeilegung (OS) bereit:\u00a0<a href=\"https:\/\/ec.europa.eu\/consumers\/odr\" target=\"_blank\" rel=\"noopener noreferrer\">https:\/\/ec.europa.eu\/consumers\/odr<\/a>. Unsere E-Mail-Adresse finden Sie im Impressum.<\/p>\r\n<p>Wir sind nicht bereit oder verpflichtet, an Streitbeilegungsverfahren vor einer Verbraucherschlichtungsstelle teilzunehmen.<\/p>\r\n<p>Das Gesetzes \u00fcber die alternative Streitbeilegung in Verbrauchersachen fordert aber, dass wir Sie trotzdem auf eine f\u00fcr Sie zust\u00e4ndige Verbraucherschlichtungsstelle hinweisen:<\/p>\r\n<p>Allgemeine Verbraucherschlichtungsstelle des Zentrums f\u00fcr Schlichtung e. V.<br \/>Stra\u00dfburger Str. 8<br \/>77694 Kehl<br \/>Internet:\u00a0<a href=\"http:\/\/www.verbraucher-schlichter.de\/\" target=\"_blank\" rel=\"noopener noreferrer\">www.verbraucher-schlichter.de<\/a>[\/vc_column_text][\/vc_column][vc_column column_padding=&#8220;no-extra-padding&#8220; column_padding_tablet=&#8220;inherit&#8220; column_padding_phone=&#8220;inherit&#8220; column_padding_position=&#8220;all&#8220; column_element_direction_desktop=&#8220;default&#8220; column_element_spacing=&#8220;default&#8220; desktop_text_alignment=&#8220;default&#8220; tablet_text_alignment=&#8220;default&#8220; phone_text_alignment=&#8220;default&#8220; background_color_opacity=&#8220;1&#8243; background_hover_color_opacity=&#8220;1&#8243; column_backdrop_filter=&#8220;none&#8220; column_shadow=&#8220;none&#8220; column_border_radius=&#8220;none&#8220; column_link_target=&#8220;_self&#8220; column_position=&#8220;default&#8220; gradient_direction=&#8220;left_to_right&#8220; overlay_strength=&#8220;0.3&#8243; width=&#8220;1\/6&#8243; tablet_width_inherit=&#8220;default&#8220; animation_type=&#8220;default&#8220; bg_image_animation=&#8220;none&#8220; border_type=&#8220;simple&#8220; column_border_width=&#8220;none&#8220; column_border_style=&#8220;solid&#8220;][\/vc_column][\/vc_row]","protected":false},"excerpt":{"rendered":"<p>[vc_row type=&#8220;in_container&#8220; full_screen_row_position=&#8220;middle&#8220; column_margin=&#8220;default&#8220; column_direction=&#8220;default&#8220; column_direction_tablet=&#8220;default&#8220; column_direction_phone=&#8220;default&#8220; scene_position=&#8220;center&#8220; text_color=&#8220;dark&#8220; text_align=&#8220;left&#8220; row_border_radius=&#8220;none&#8220; row_border_radius_applies=&#8220;bg&#8220; overflow=&#8220;visible&#8220; overlay_strength=&#8220;0.3&#8243; gradient_direction=&#8220;left_to_right&#8220; shape_divider_position=&#8220;bottom&#8220; bg_image_animation=&#8220;none&#8220;][vc_column column_padding=&#8220;no-extra-padding&#8220; column_padding_tablet=&#8220;inherit&#8220; column_padding_phone=&#8220;inherit&#8220; column_padding_position=&#8220;all&#8220; column_element_direction_desktop=&#8220;default&#8220; column_element_spacing=&#8220;default&#8220; desktop_text_alignment=&#8220;default&#8220; tablet_text_alignment=&#8220;default&#8220; phone_text_alignment=&#8220;default&#8220; background_color_opacity=&#8220;1&#8243; background_hover_color_opacity=&#8220;1&#8243; column_backdrop_filter=&#8220;none&#8220; column_shadow=&#8220;none&#8220;&#8230;<\/p>\n","protected":false},"author":5,"featured_media":0,"parent":0,"menu_order":0,"comment_status":"closed","ping_status":"closed","template":"","meta":{"footnotes":""},"class_list":["post-1853","page","type-page","status-publish"],"yoast_head":"<!-- This site is optimized with the Yoast SEO plugin v27.3 - https:\/\/yoast.com\/product\/yoast-seo-wordpress\/ -->\n<title>Schiedsverfahren - AITEC Gruppe<\/title>\n<meta name=\"robots\" content=\"index, follow, max-snippet:-1, max-image-preview:large, max-video-preview:-1\" \/>\n<link rel=\"canonical\" href=\"https:\/\/www.aitec-gruppe.de\/index.php\/schiedsverfahren\/\" \/>\n<meta property=\"og:locale\" content=\"de_DE\" \/>\n<meta property=\"og:type\" content=\"article\" \/>\n<meta property=\"og:title\" content=\"Schiedsverfahren - AITEC Gruppe\" \/>\n<meta property=\"og:description\" content=\"[vc_row type=&#8220;in_container&#8220; full_screen_row_position=&#8220;middle&#8220; column_margin=&#8220;default&#8220; column_direction=&#8220;default&#8220; column_direction_tablet=&#8220;default&#8220; column_direction_phone=&#8220;default&#8220; scene_position=&#8220;center&#8220; text_color=&#8220;dark&#8220; text_align=&#8220;left&#8220; row_border_radius=&#8220;none&#8220; row_border_radius_applies=&#8220;bg&#8220; overflow=&#8220;visible&#8220; overlay_strength=&#8220;0.3&#8243; gradient_direction=&#8220;left_to_right&#8220; shape_divider_position=&#8220;bottom&#8220; bg_image_animation=&#8220;none&#8220;][vc_column column_padding=&#8220;no-extra-padding&#8220; column_padding_tablet=&#8220;inherit&#8220; column_padding_phone=&#8220;inherit&#8220; column_padding_position=&#8220;all&#8220; column_element_direction_desktop=&#8220;default&#8220; column_element_spacing=&#8220;default&#8220; desktop_text_alignment=&#8220;default&#8220; tablet_text_alignment=&#8220;default&#8220; phone_text_alignment=&#8220;default&#8220; background_color_opacity=&#8220;1&#8243; background_hover_color_opacity=&#8220;1&#8243; column_backdrop_filter=&#8220;none&#8220; column_shadow=&#8220;none&#8220;...\" \/>\n<meta property=\"og:url\" content=\"https:\/\/www.aitec-gruppe.de\/index.php\/schiedsverfahren\/\" \/>\n<meta property=\"og:site_name\" content=\"AITEC Gruppe\" \/>\n<meta property=\"article:publisher\" content=\"https:\/\/www.facebook.com\/Galek.Kowald\" \/>\n<meta property=\"article:modified_time\" content=\"2025-04-10T09:33:54+00:00\" \/>\n<meta name=\"twitter:card\" content=\"summary_large_image\" \/>\n<meta name=\"twitter:label1\" content=\"Gesch\u00e4tzte Lesezeit\" \/>\n\t<meta name=\"twitter:data1\" content=\"2\u00a0Minuten\" \/>\n<script type=\"application\/ld+json\" class=\"yoast-schema-graph\">{\"@context\":\"https:\\\/\\\/schema.org\",\"@graph\":[{\"@type\":\"WebPage\",\"@id\":\"https:\\\/\\\/www.aitec-gruppe.de\\\/index.php\\\/schiedsverfahren\\\/\",\"url\":\"https:\\\/\\\/www.aitec-gruppe.de\\\/index.php\\\/schiedsverfahren\\\/\",\"name\":\"Schiedsverfahren - AITEC Gruppe\",\"isPartOf\":{\"@id\":\"https:\\\/\\\/www.aitec-gruppe.de\\\/#website\"},\"datePublished\":\"2025-04-10T09:25:20+00:00\",\"dateModified\":\"2025-04-10T09:33:54+00:00\",\"breadcrumb\":{\"@id\":\"https:\\\/\\\/www.aitec-gruppe.de\\\/index.php\\\/schiedsverfahren\\\/#breadcrumb\"},\"inLanguage\":\"de\",\"potentialAction\":[{\"@type\":\"ReadAction\",\"target\":[\"https:\\\/\\\/www.aitec-gruppe.de\\\/index.php\\\/schiedsverfahren\\\/\"]}]},{\"@type\":\"BreadcrumbList\",\"@id\":\"https:\\\/\\\/www.aitec-gruppe.de\\\/index.php\\\/schiedsverfahren\\\/#breadcrumb\",\"itemListElement\":[{\"@type\":\"ListItem\",\"position\":1,\"name\":\"Startseite\",\"item\":\"https:\\\/\\\/www.aitec-gruppe.de\\\/\"},{\"@type\":\"ListItem\",\"position\":2,\"name\":\"Schiedsverfahren\"}]},{\"@type\":\"WebSite\",\"@id\":\"https:\\\/\\\/www.aitec-gruppe.de\\\/#website\",\"url\":\"https:\\\/\\\/www.aitec-gruppe.de\\\/\",\"name\":\"AITEC Gruppe\",\"description\":\"\",\"publisher\":{\"@id\":\"https:\\\/\\\/www.aitec-gruppe.de\\\/#organization\"},\"potentialAction\":[{\"@type\":\"SearchAction\",\"target\":{\"@type\":\"EntryPoint\",\"urlTemplate\":\"https:\\\/\\\/www.aitec-gruppe.de\\\/?s={search_term_string}\"},\"query-input\":{\"@type\":\"PropertyValueSpecification\",\"valueRequired\":true,\"valueName\":\"search_term_string\"}}],\"inLanguage\":\"de\"},{\"@type\":\"Organization\",\"@id\":\"https:\\\/\\\/www.aitec-gruppe.de\\\/#organization\",\"name\":\"AITEC Gruppe\",\"url\":\"https:\\\/\\\/www.aitec-gruppe.de\\\/\",\"logo\":{\"@type\":\"ImageObject\",\"inLanguage\":\"de\",\"@id\":\"https:\\\/\\\/www.aitec-gruppe.de\\\/#\\\/schema\\\/logo\\\/image\\\/\",\"url\":\"https:\\\/\\\/www.aitec-gruppe.de\\\/wp-content\\\/uploads\\\/2024\\\/10\\\/Kugel_GK_RGB.svg\",\"contentUrl\":\"https:\\\/\\\/www.aitec-gruppe.de\\\/wp-content\\\/uploads\\\/2024\\\/10\\\/Kugel_GK_RGB.svg\",\"width\":180,\"height\":180,\"caption\":\"AITEC Gruppe\"},\"image\":{\"@id\":\"https:\\\/\\\/www.aitec-gruppe.de\\\/#\\\/schema\\\/logo\\\/image\\\/\"},\"sameAs\":[\"https:\\\/\\\/www.facebook.com\\\/Galek.Kowald\",\"https:\\\/\\\/www.instagram.com\\\/galekundkowald\\\/\",\"https:\\\/\\\/www.linkedin.com\\\/company\\\/galek-kowald\\\/\"]}]}<\/script>\n<!-- \/ Yoast SEO plugin. -->","yoast_head_json":{"title":"Schiedsverfahren - AITEC Gruppe","robots":{"index":"index","follow":"follow","max-snippet":"max-snippet:-1","max-image-preview":"max-image-preview:large","max-video-preview":"max-video-preview:-1"},"canonical":"https:\/\/www.aitec-gruppe.de\/index.php\/schiedsverfahren\/","og_locale":"de_DE","og_type":"article","og_title":"Schiedsverfahren - AITEC Gruppe","og_description":"[vc_row type=&#8220;in_container&#8220; full_screen_row_position=&#8220;middle&#8220; column_margin=&#8220;default&#8220; column_direction=&#8220;default&#8220; column_direction_tablet=&#8220;default&#8220; column_direction_phone=&#8220;default&#8220; scene_position=&#8220;center&#8220; text_color=&#8220;dark&#8220; text_align=&#8220;left&#8220; row_border_radius=&#8220;none&#8220; row_border_radius_applies=&#8220;bg&#8220; overflow=&#8220;visible&#8220; overlay_strength=&#8220;0.3&#8243; gradient_direction=&#8220;left_to_right&#8220; shape_divider_position=&#8220;bottom&#8220; bg_image_animation=&#8220;none&#8220;][vc_column column_padding=&#8220;no-extra-padding&#8220; column_padding_tablet=&#8220;inherit&#8220; column_padding_phone=&#8220;inherit&#8220; column_padding_position=&#8220;all&#8220; column_element_direction_desktop=&#8220;default&#8220; column_element_spacing=&#8220;default&#8220; desktop_text_alignment=&#8220;default&#8220; tablet_text_alignment=&#8220;default&#8220; phone_text_alignment=&#8220;default&#8220; background_color_opacity=&#8220;1&#8243; background_hover_color_opacity=&#8220;1&#8243; column_backdrop_filter=&#8220;none&#8220; column_shadow=&#8220;none&#8220;...","og_url":"https:\/\/www.aitec-gruppe.de\/index.php\/schiedsverfahren\/","og_site_name":"AITEC Gruppe","article_publisher":"https:\/\/www.facebook.com\/Galek.Kowald","article_modified_time":"2025-04-10T09:33:54+00:00","twitter_card":"summary_large_image","twitter_misc":{"Gesch\u00e4tzte Lesezeit":"2\u00a0Minuten"},"schema":{"@context":"https:\/\/schema.org","@graph":[{"@type":"WebPage","@id":"https:\/\/www.aitec-gruppe.de\/index.php\/schiedsverfahren\/","url":"https:\/\/www.aitec-gruppe.de\/index.php\/schiedsverfahren\/","name":"Schiedsverfahren - AITEC Gruppe","isPartOf":{"@id":"https:\/\/www.aitec-gruppe.de\/#website"},"datePublished":"2025-04-10T09:25:20+00:00","dateModified":"2025-04-10T09:33:54+00:00","breadcrumb":{"@id":"https:\/\/www.aitec-gruppe.de\/index.php\/schiedsverfahren\/#breadcrumb"},"inLanguage":"de","potentialAction":[{"@type":"ReadAction","target":["https:\/\/www.aitec-gruppe.de\/index.php\/schiedsverfahren\/"]}]},{"@type":"BreadcrumbList","@id":"https:\/\/www.aitec-gruppe.de\/index.php\/schiedsverfahren\/#breadcrumb","itemListElement":[{"@type":"ListItem","position":1,"name":"Startseite","item":"https:\/\/www.aitec-gruppe.de\/"},{"@type":"ListItem","position":2,"name":"Schiedsverfahren"}]},{"@type":"WebSite","@id":"https:\/\/www.aitec-gruppe.de\/#website","url":"https:\/\/www.aitec-gruppe.de\/","name":"AITEC Gruppe","description":"","publisher":{"@id":"https:\/\/www.aitec-gruppe.de\/#organization"},"potentialAction":[{"@type":"SearchAction","target":{"@type":"EntryPoint","urlTemplate":"https:\/\/www.aitec-gruppe.de\/?s={search_term_string}"},"query-input":{"@type":"PropertyValueSpecification","valueRequired":true,"valueName":"search_term_string"}}],"inLanguage":"de"},{"@type":"Organization","@id":"https:\/\/www.aitec-gruppe.de\/#organization","name":"AITEC Gruppe","url":"https:\/\/www.aitec-gruppe.de\/","logo":{"@type":"ImageObject","inLanguage":"de","@id":"https:\/\/www.aitec-gruppe.de\/#\/schema\/logo\/image\/","url":"https:\/\/www.aitec-gruppe.de\/wp-content\/uploads\/2024\/10\/Kugel_GK_RGB.svg","contentUrl":"https:\/\/www.aitec-gruppe.de\/wp-content\/uploads\/2024\/10\/Kugel_GK_RGB.svg","width":180,"height":180,"caption":"AITEC Gruppe"},"image":{"@id":"https:\/\/www.aitec-gruppe.de\/#\/schema\/logo\/image\/"},"sameAs":["https:\/\/www.facebook.com\/Galek.Kowald","https:\/\/www.instagram.com\/galekundkowald\/","https:\/\/www.linkedin.com\/company\/galek-kowald\/"]}]}},"_links":{"self":[{"href":"https:\/\/www.aitec-gruppe.de\/index.php\/wp-json\/wp\/v2\/pages\/1853","targetHints":{"allow":["GET"]}}],"collection":[{"href":"https:\/\/www.aitec-gruppe.de\/index.php\/wp-json\/wp\/v2\/pages"}],"about":[{"href":"https:\/\/www.aitec-gruppe.de\/index.php\/wp-json\/wp\/v2\/types\/page"}],"author":[{"embeddable":true,"href":"https:\/\/www.aitec-gruppe.de\/index.php\/wp-json\/wp\/v2\/users\/5"}],"replies":[{"embeddable":true,"href":"https:\/\/www.aitec-gruppe.de\/index.php\/wp-json\/wp\/v2\/comments?post=1853"}],"version-history":[{"count":5,"href":"https:\/\/www.aitec-gruppe.de\/index.php\/wp-json\/wp\/v2\/pages\/1853\/revisions"}],"predecessor-version":[{"id":1884,"href":"https:\/\/www.aitec-gruppe.de\/index.php\/wp-json\/wp\/v2\/pages\/1853\/revisions\/1884"}],"wp:attachment":[{"href":"https:\/\/www.aitec-gruppe.de\/index.php\/wp-json\/wp\/v2\/media?parent=1853"}],"curies":[{"name":"wp","href":"https:\/\/api.w.org\/{rel}","templated":true}]}}